{"id":413,"date":"2026-03-17T15:39:51","date_gmt":"2026-03-17T14:39:51","guid":{"rendered":"http:\/\/robiuri.mojapoczta.net\/?page_id=413"},"modified":"2026-03-22T20:10:23","modified_gmt":"2026-03-22T19:10:23","slug":"motosezon-2023","status":"publish","type":"page","link":"http:\/\/robiuri.mojapoczta.net\/?page_id=413","title":{"rendered":"MotoSezon 2023"},"content":{"rendered":"<p>No wi\u0119c (dw\u00f3ja b\u0119c) zaraz po zakupie trzeba by\u0142o ogarn\u0105\u0107 troch\u0119 spraw z takim staruszkiem (wg papier\u00f3w 25 Lat ma) jakim si\u0119 zaopiekowa\u0142em. Motor zakupiony od Handlarza z niewiadom\u0105 histori\u0105 i nie potwierdzonym przebiegiem 78.209 km, ale w dobrej cenie. Brakuje Kasku ale szybko wskoczy\u0142 taki na chwil\u0119 za <strong>dwie st\u00f3wki<\/strong> Tornado GT XL w jedynym s\u0142usznym kolorze czyli czarny. Oczywi\u015bcie jak to z tym magicznym skr\u00f3tem :<\/p>\n<p class=MsoNormal><center>\u201e<b><span style='color:#0065B1'>B<\/span><\/b>\u0119dziesz <b><span\nstyle='color:#1D3F75'>M<\/span><\/b>ia\u0142 <b><span style='color:#E12A26'>W<\/span><\/b>ydatki\u201d<\/center><\/p>\n<p>i zacz\u0119\u0142o si\u0119 dok\u0142adanie tak od niskich cen, ale jak zwykle wysz\u0142o tak jak sloganie czyli coraz dro\u017cej.<\/p>\n<ol>\n<li>Akumulator zdecydowanie zdechni\u0119ty, pierwszy tydzie\u0144 je\u017adzi\u0142em z prostownikiem KD1290 pod siedzeniem kt\u00f3remu wymieni\u0142em kabel sieciowy na taki d\u0142ugi 5m od odkurzacza co by mo\u017cna na d\u0142u\u017cszym postoju go \u0142adowa\u0107 z sieci energetycznej. Oczywi\u015bcie na drugi dzie\u0144 od zakupu jak nie odpali\u0142 to wszystko by\u0142o wiadome wi\u0119c zam\u00f3wi\u0142em nowy pasuj\u0105cy Banner 12V 22Ah o pr\u0105dzie rozruchu 260A za tylko <strong>345<\/strong>PLN + <strong>65<\/strong>PLN pasek gumowy u\u017cywany ale oryginalny co go ma trzyma\u0107 \u017ceby nie wyskoczy\u0142 podczas kr\u0119cenia i problem rozruchowy mamy z g\u0142owy.<\/li>\n<li>Oponki leciwe ale z dobrym bie\u017cnikiem, tylna tylko lekko zaczyna pop\u0119kiwa\u0107 w ma\u0142o widocznych miejscach (nie ma si\u0119 co dziwi\u0107 w ko\u0144cu ma 12 lat) No to si\u0119 zakupi\u0142o Dunlop Road Smart II 160\/60 18&#8243; (70W) co wraz z perypetiami monta\u017cu (pan chcia\u0142 mi p\u00f3\u0142 motoru rozkr\u0119ci\u0107 \u017ceby k\u00f3\u0142ko odkr\u0119ci\u0107 a wystarczy\u0142o tylko motorka postawi\u0107 na centralnej 20 cm wy\u017cej np. dwie ceg\u0142y podstawi\u0107) po tanio\u015bci wynios\u0142o <strong>285<\/strong>PLN, ale tylko dlatego \u017ce oponka ju\u017c 3 roczki mia\u0142a. Wytrzyma\u0142a prawie 25.000km przebiegu klei do ciep\u0142ego jak ma\u0142o kt\u00f3ra, mog\u0119 poleca\u0107 ka\u017cdemu.<\/li>\n<li>Przegl\u0105d ! Wiadomo \u017ce motorkowi nale\u017cy si\u0119 wymiana p\u0142yn\u00f3w ustrojowych wi\u0119c pierwszy by\u0142 w warsztacie co by oko mechanika mo\u017ce co\u015b wypatrzy\u0142o i podpowiedzia\u0142o, ale wygl\u0105da \u017ce chyba wszystko w porz\u0105dku bo uwag nie by\u0142o. Olej do silnika i ch\u0142odnicy (bo to olejak) Motul 7100 10W40 4L wskoczy\u0142 z nowym Filtrem za ca\u0142e <strong>257<\/strong>PLN. Do skrzyni te\u017c po wymianie wla\u0142o si\u0119 1L Motul 80W90 za <strong>59<\/strong>PLN no i wiadomo \u017ce Powietrze co by z wtryskiwaczami zagada\u0107 chcia\u0142o czyste musi by\u0107 wi\u0119c Filtr HFA7910 za <strong>45<\/strong>PLN wpasowa\u0142 si\u0119 jak trzeba (szkoda \u017ce p\u0119kni\u0119tego Airboxa mechanik nie zauwa\u017cy\u0142, mo\u017ce ciemno by\u0142o ?)<\/li>\n<\/ol>\n<p>I tak oto pi\u0105tego dnia pan Mot\u00f3rzysta wypoczywa\u0107 zacz\u0105\u0142 kilemetry nawijaj\u0105c na k\u00f3lka w rado\u015bci i weso\u0142o\u015bci poruszania si\u0119 w zielonym roadsterem.<br \/>\nLecz nie nacieszy\u0142 si\u0119 zbytnio bo ledwo maszyn\u0119 poznawszy ta mu o swej dolegliwo\u015bci w najmniej w\u0142asciwym momencie wspomnia\u0142a :<\/p>\n<p>10 dnia podje\u017cd\u017caj\u0105c pod do\u015b\u0107 spore wzniesienie gdzie droga z pierwsze\u0144stwem by\u0142a i zatrzymuj\u0105c si\u0119 jak to na przepisowego kierowc\u0119 wypada maszyna wsteczny po zatrzymaniu w\u0142\u0105czy\u0142a (hi hi hi) niez\u0142e zdziwienie mia\u0142em jak zamiast sta\u0107 mot\u00f3r w ty\u0142 stacza\u0107 si\u0119 zacz\u0105\u0142 bo w\u0119\u017cyk oryginalny czyli taki 25letni nagle popu\u015bci\u0142 i wyciek p\u0142ynu zrobi\u0142 zamiast pod g\u00f3rk\u0119 moto w miejscu postawi\u0107. Po szybkiej analizie i ruszeniu pod g\u00f3r\u0119 z przedniego hamulca problem ogarn\u0105\u0107 za ca\u0142e <strong>120<\/strong> PLN da\u0142o. Musia\u0142em nowy w\u0119\u017cyk ale ju\u017c w stalowym oplocie wymieni\u0107 bacznie si\u0119 przy tym innym w\u0119\u017cykom przygl\u0105daj\u0105c i niestety stwierdzaj\u0105c \u017ce w najbli\u017cszym czasie wymieni\u0107 je wypada bo jak wiadomo Hamulce w moto to rzecz \u015bwi\u0119ta mimo \u017ce ABS jest ale jak guma strzeli to ci\u0119 nie wpomo\u017ce. I tak do do braci stalowych w\u0119\u017cy wskoczy\u0142 komplet przedniego co uszczupli\u0142o bud\u017cet na podr\u00f3\u017ce o <strong>480<\/strong>PLN wi\u0119cej.<\/p>\n<p>I tu ju\u017c tylko je\u017adzi\u0107 zosta\u0142o bo do ko\u0144ca sezonu czyli 17 Wrze\u015bnia (5 miesi\u0119cy tylko na paliwo) prawie si\u0119 nic wi\u0119cej niespodziewanego nie wydarzy\u0142o. Ostatniego dnia wracaj\u0105c z <a href=\"https:\/\/www.youtube.com\/watch?v=rrHpmtR0dJM\">Krakowa<\/a> moc stracona zosta\u0142a przy mocniejszym odkr\u0119ceniu manetki co objawem zjedzonego sprz\u0119g\u0142a by\u0142o wi\u0119c na sezon martwy czyli gdy moto w gara\u017cu zimowa\u0142o nowe sprz\u0119g\u0142o za tylko <strong>1670<\/strong>PLN wskoczy\u0142o + wyciek odnaleziony za koszem si\u0119 namierzy\u0142o i dwa uszczelniacze wa\u0142u za <strong>250<\/strong> PLN wymieni\u0107 musia\u0142em. Do tego jeszcze za Airboxem p\u0119kni\u0119t\u0105 przelotk\u0119 znalaz\u0142em co kosztowa\u0142e grosze bo tylko <strong>48<\/strong> PLN oraz rozwalon\u0105 wtyczk\u0119 do pompy paliwa (niestety Chi\u0144ski zamiennik za grosze wskoczy\u0142 z braku dost\u0119pno\u015bci oryginalnej) co mi raz psikusa zrobi\u0142a jak ch\u0142opaki ruszyli a ja jak cap w polu zosta\u0142 :D. Pochwali\u0107 si\u0119 wypada \u017ce mot\u00f3r sam rozpo\u0142owi\u0142em, skrzyni\u0119 z dyfrem na bok zrzuci\u0142em a do tego narz\u0119dzia specjalistyczne wykona\u0142em jak pr\u0119t centrowania kosza sprz\u0119g\u0142a, nabijak uszczelniaczy na wa\u0142 nap\u0119dowy i kilka innych pomniejszych. A oto jak z jednego motora zrobi\u0107 dwa:<br \/>\n<center><br \/>\n<br \/><img decoding=\"async\" src=\"http:\/\/robiuri.mojapoczta.net\/wp-content\/uploads\/2026\/03\/BMW-Full.jpg\" alt=\"Prawie ca\u0142y\" \/><br \/>\nbez baku, siode\u0142ek, chlapaczy, k\u00f3\u0142ka ale prawie ca\u0142y<br \/>\n<br \/><img decoding=\"async\" src=\"http:\/\/robiuri.mojapoczta.net\/wp-content\/uploads\/2026\/03\/BMW-Part-1.jpg\" alt=\"Pierwsza po\u0142owa\" \/><br \/>\nz urwanymi n\u00f3\u017ckami co by nie uciek\u0142<br \/>\n<br \/><img decoding=\"async\" src=\"http:\/\/robiuri.mojapoczta.net\/wp-content\/uploads\/2026\/03\/BMW-Part-2.jpg\" alt=\"Druga po\u0142owa\" \/><br \/>\nOooo n\u00f3\u017cki si\u0119 znalaz\u0142y<br \/>\n<br \/><img decoding=\"async\" src=\"http:\/\/robiuri.mojapoczta.net\/wp-content\/uploads\/2026\/03\/BMW-Part-3.jpg\" alt=\"Narz\u0119dzie centruj\u0105ce kosz sprz\u0119g\u0142owy\" \/><br \/>\na tym mo\u017cna kosz wycentrowa\u0107 przed skr\u0119ceniem na amen<br \/>\n<\/center><\/p>\n","protected":false},"excerpt":{"rendered":"<p>No wi\u0119c (dw\u00f3ja b\u0119c) zaraz po zakupie trzeba by\u0142o ogarn\u0105\u0107 troch\u0119 spraw z takim staruszkiem (wg papier\u00f3w 25 Lat ma) jakim si\u0119 zaopiekowa\u0142em. Motor zakupiony od Handlarza z niewiadom\u0105 histori\u0105 i nie potwierdzonym przebiegiem 78.209 km, ale w dobrej cenie. Brakuje Kasku ale szybko wskoczy\u0142 taki na chwil\u0119 za dwie st\u00f3wki Tornado GT XL w\u2026 <span class=\"read-more\"><a href=\"http:\/\/robiuri.mojapoczta.net\/?page_id=413\">Czytaj dalej &raquo;<\/a><\/span><\/p>\n","protected":false},"author":1,"featured_media":0,"parent":0,"menu_order":0,"comment_status":"closed","ping_status":"closed","template":"page-templates\/full-width.php","meta":{"footnotes":""},"class_list":["post-413","page","type-page","status-publish","hentry"],"_links":{"self":[{"href":"http:\/\/robiuri.mojapoczta.net\/index.php?rest_route=\/wp\/v2\/pages\/413","targetHints":{"allow":["GET"]}}],"collection":[{"href":"http:\/\/robiuri.mojapoczta.net\/index.php?rest_route=\/wp\/v2\/pages"}],"about":[{"href":"http:\/\/robiuri.mojapoczta.net\/index.php?rest_route=\/wp\/v2\/types\/page"}],"author":[{"embeddable":true,"href":"http:\/\/robiuri.mojapoczta.net\/index.php?rest_route=\/wp\/v2\/users\/1"}],"replies":[{"embeddable":true,"href":"http:\/\/robiuri.mojapoczta.net\/index.php?rest_route=%2Fwp%2Fv2%2Fcomments&post=413"}],"version-history":[{"count":23,"href":"http:\/\/robiuri.mojapoczta.net\/index.php?rest_route=\/wp\/v2\/pages\/413\/revisions"}],"predecessor-version":[{"id":439,"href":"http:\/\/robiuri.mojapoczta.net\/index.php?rest_route=\/wp\/v2\/pages\/413\/revisions\/439"}],"wp:attachment":[{"href":"http:\/\/robiuri.mojapoczta.net\/index.php?rest_route=%2Fwp%2Fv2%2Fmedia&parent=413"}],"curies":[{"name":"wp","href":"https:\/\/api.w.org\/{rel}","templated":true}]}}