{"id":366,"date":"2025-11-19T14:28:31","date_gmt":"2025-11-19T13:28:31","guid":{"rendered":"http:\/\/robiuri.mojapoczta.net\/?page_id=366"},"modified":"2026-03-17T15:42:42","modified_gmt":"2026-03-17T14:42:42","slug":"moto","status":"publish","type":"page","link":"http:\/\/robiuri.mojapoczta.net\/?page_id=366","title":{"rendered":"Moto"},"content":{"rendered":"<p>LwG<br \/>\nPi\u0105tego Maja roku Pa\u0144skiego 2023 zakupi\u0142em po 30 latach przerwy motocykl, no i si\u0119 zacz\u0119\u0142o.<br \/>\nPo kr\u00f3tce opisywa\u0107 b\u0119d\u0119 roczki (sezony) co i gdzie i co potem.<br \/>\n<a href=\"http:\/\/robiuri.mojapoczta.net\/?page_id=413\"><strong>Pierwszy Rok &#8211; Sezon 2023 <\/strong><\/a><br \/>\n<a href=\"http:\/\/robiuri.mojapoczta.net\/?page_id=366\"><strong>Drugi Rok &#8211; Sezon 2024 <\/strong><\/a><br \/>\n<a href=\"http:\/\/robiuri.mojapoczta.net\/?page_id=366\"><strong>Trzeci Rok &#8211; Sezon 2025 <\/strong><\/a><br \/>\nJakby co to Filmiki z wyjazd\u00f3w dalekich i bliskich mamy tu : <BR><center><a href=\"https:\/\/www.youtube.com\/@Robiuri-Ride\">youtube.com\/@Robiuri-Ride<\/CENTER><\/a><br \/>\n<center>Pora wi\u0119c przedstawi\u0107 naszego g\u0142\u00f3wnego bohatera czyli <strong>BMW R1100 R<\/strong><br \/>\n<img decoding=\"async\" src=\"..\/wp-content\/uploads\/2026\/03\/Stepiny-Bunkier-BMW-scaled.jpg\" alt=\"\" class=\"alignnone size-full wp-image-372\" \/><br \/>\n<\/center><br \/>\n<img loading=\"lazy\" decoding=\"async\" src=\"..\/wp-content\/uploads\/2025\/12\/Parametry.jpg\" alt=\"\" width=\"1165\" height=\"655\" class=\"alignnone size-full wp-image-373\" srcset=\"http:\/\/robiuri.mojapoczta.net\/wp-content\/uploads\/2025\/12\/Parametry.jpg 1165w, http:\/\/robiuri.mojapoczta.net\/wp-content\/uploads\/2025\/12\/Parametry-300x169.jpg 300w, http:\/\/robiuri.mojapoczta.net\/wp-content\/uploads\/2025\/12\/Parametry-1024x576.jpg 1024w, http:\/\/robiuri.mojapoczta.net\/wp-content\/uploads\/2025\/12\/Parametry-768x432.jpg 768w, http:\/\/robiuri.mojapoczta.net\/wp-content\/uploads\/2025\/12\/Parametry-660x371.jpg 660w\" sizes=\"auto, (max-width: 1165px) 100vw, 1165px\" \/><\/p>\n","protected":false},"excerpt":{"rendered":"<p>LwG Pi\u0105tego Maja roku Pa\u0144skiego 2023 zakupi\u0142em po 30 latach przerwy motocykl, no i si\u0119 zacz\u0119\u0142o. Po kr\u00f3tce opisywa\u0107 b\u0119d\u0119 roczki (sezony) co i gdzie i co potem. Pierwszy Rok &#8211; Sezon 2023 Drugi Rok &#8211; Sezon 2024 Trzeci Rok &#8211; Sezon 2025 Jakby co to Filmiki z wyjazd\u00f3w dalekich i bliskich mamy tu :\u2026 <span class=\"read-more\"><a href=\"http:\/\/robiuri.mojapoczta.net\/?page_id=366\">Czytaj dalej &raquo;<\/a><\/span><\/p>\n","protected":false},"author":1,"featured_media":0,"parent":0,"menu_order":0,"comment_status":"closed","ping_status":"closed","template":"page-templates\/full-width.php","meta":{"footnotes":""},"class_list":["post-366","page","type-page","status-publish","hentry"],"_links":{"self":[{"href":"http:\/\/robiuri.mojapoczta.net\/index.php?rest_route=\/wp\/v2\/pages\/366","targetHints":{"allow":["GET"]}}],"collection":[{"href":"http:\/\/robiuri.mojapoczta.net\/index.php?rest_route=\/wp\/v2\/pages"}],"about":[{"href":"http:\/\/robiuri.mojapoczta.net\/index.php?rest_route=\/wp\/v2\/types\/page"}],"author":[{"embeddable":true,"href":"http:\/\/robiuri.mojapoczta.net\/index.php?rest_route=\/wp\/v2\/users\/1"}],"replies":[{"embeddable":true,"href":"http:\/\/robiuri.mojapoczta.net\/index.php?rest_route=%2Fwp%2Fv2%2Fcomments&post=366"}],"version-history":[{"count":24,"href":"http:\/\/robiuri.mojapoczta.net\/index.php?rest_route=\/wp\/v2\/pages\/366\/revisions"}],"predecessor-version":[{"id":416,"href":"http:\/\/robiuri.mojapoczta.net\/index.php?rest_route=\/wp\/v2\/pages\/366\/revisions\/416"}],"wp:attachment":[{"href":"http:\/\/robiuri.mojapoczta.net\/index.php?rest_route=%2Fwp%2Fv2%2Fmedia&parent=366"}],"curies":[{"name":"wp","href":"https:\/\/api.w.org\/{rel}","templated":true}]}}