{"id":2,"date":"2020-05-19T18:19:38","date_gmt":"2020-05-19T16:19:38","guid":{"rendered":"http:\/\/robiuri.mojapoczta.net\/?page_id=2"},"modified":"2022-10-03T15:22:36","modified_gmt":"2022-10-03T13:22:36","slug":"arduino-2","status":"publish","type":"page","link":"http:\/\/robiuri.mojapoczta.net\/?page_id=2","title":{"rendered":"Kuchenne Rewolucje"},"content":{"rendered":"<p><center><br \/>\n<div class=\"wp-alex-play-button\" data-json=\"{&quot;file&quot;:&quot;\\\/Mp3.Mp3\\\/\\\/53A1381C.mp3&quot;,&quot;id&quot;:&quot;my-play-button&quot;,&quot;size&quot;:&quot;48 64&quot;,&quot;color&quot;:&quot;#FFEFD5 #FFD700 900&quot;}\"><\/div><br \/>\n<div class=\"wp-alex-circular-spectrum\" data-json=\"{&quot;owner&quot;:&quot;#my-play-button&quot;,&quot;size&quot;:&quot;50 250&quot;,&quot;bars&quot;:&quot;100 0.8 #ffd700 0.1 5.0&quot;,&quot;peaks&quot;:&quot;#8b4513 0.04&quot;}\"><\/div><br \/>\n<\/center><\/p>\n\r\n\r\n\r\n<p class=\"has-text-align-left\"><em style=\"box-sizing: inherit;\" data-rich-text-format-boundary=\"true\">A zacz\u0119\u0142o si\u0119 niewinnie od malowania kuchni&#8230;<\/em><\/p>\r\n\r\n\r\n\r\n<p>Pewnego dnia \u017conie znudzi\u0142y si\u0119 abstrakcyjne plamy na \u015bcianach w naszej kuchni i kolor by\u0142 ju\u017c nie taki jak dwa dni po jej pomalowaniu a min\u0119\u0142o dopiero 4 lata odk\u0105d ten czas nast\u0105pi\u0142. Wi\u0119c nale\u017cy kuchni\u0119 od\u015bwie\u017cy\u0107 i pomalowa\u0107 na nowe barwy i odcienie (dobrze \u017ce sufity nadal lubi bia\u0142e).<br style=\"box-sizing: inherit;\" data-rich-text-line-break=\"true\">I tak oto po zakupie brakuj\u0105cych akcesori\u00f3w do uczynienia tej magii przy pomocy moich r\u0105k i g\u0142owy w celu wyliczenia ilo\u015bci metra\u017cu ka\u017cdego koloru potrzebnego do obliczenia w zale\u017cno\u015bci od podw\u00f3jnego krycia litr\u00f3w farby do pomalowania \u015bcian w dw\u00f3ch kolorach.<\/p>\r\n\r\n\r\n\r\n<p>Jaki Kolor ?<\/p>\r\n\r\n\r\n\r\n<ul class=\"wp-block-list\"><li style=\"margin-bottom: 0px; box-sizing: inherit;\">Pierwsze podej\u015bcie zako\u0144czy\u0142o si\u0119 wyborem koloru nijakiego kt\u00f3ry po pr\u00f3bnym umieszczeniu na wybranym wycinku \u015bciany oraz przeschni\u0119ciu w dniu nast\u0119pnym zosta\u0142 oddany.<\/li><li style=\"margin-bottom: 0px; box-sizing: inherit;\">Drugie podej\u015bcie by\u0142o tym ostatecznym i kolor zielony zosta\u0142 nale\u017cycie umieszczony pr\u00f3bnie na wybranym kawa\u0142ku \u015bciany i w dniu nast\u0119pnym po przeschni\u0119ciu i objawieniu wszystkich swoich zalet w \u015bwietle s\u0142onecznym pozosta\u0142 ostatecznie do dnia dzisiejszego wraz z pozosta\u0142ym z poprzedniego malowania czekoladowym (rozja\u015bnionym do mlecznej czekolady).<\/li><\/ul>\r\n\r\n\r\n\r\n<p>Malowanie odby\u0142o si\u0119 bez przeszk\u00f3d i do dnia dzisiejszego nie wniesiono \u017cadnych uwag. Poniewa\u017c zosta\u0142o to zrobione lepiej ni\u017c poprzednie i wszelkiego rodzaju wisz\u0105ce i stoj\u0105ce meble zosta\u0142y usuni\u0119te z \u015bcian okaza\u0142o si\u0119 \u017ce kuchnia mia\u0142a ju\u017c w sumie na swoich \u015bcianach w sumie 6 kolor\u00f3w <br style=\"box-sizing: inherit;\" data-rich-text-line-break=\"true\">(\u0142\u0105cznie z grzybkiem kt\u00f3ry wyr\u00f3s\u0142 w k\u0105ciku)<\/p>\r\n\r\n\r\n\r\n<p>Pewnie pytacie po co taki d\u0142ugi wst\u0119p skoro to mia\u0142o by\u0107 o Arduino:<\/p>\r\n\r\n\r\n\r\n<ul class=\"wp-block-list\"><li style=\"margin-bottom: 0px; box-sizing: inherit;\">Wraz z szafkami wisz\u0105cymi zosta\u0142o te\u017c zdemontowane o\u015bwietlenie mieszcz\u0105ce si\u0119 pod nimi.<\/li><li style=\"margin-bottom: 0px; box-sizing: inherit;\">Kable \u0142\u0105cz\u0105ce poszczeg\u00f3lne elementy tego o\u015bwietlenia by\u0142y \u0142\u0105czone i sztukowane w kilku miejscach a ilo\u015b\u0107 farby na nich starczy\u0142a by do pomalowania domku dla lalek.<\/li><li style=\"margin-bottom: 0px; box-sizing: inherit;\">Niekt\u00f3re szkie\u0142ka okaza\u0142y si\u0119 pop\u0119kane od warunk\u00f3w panuj\u0105cych np nad kuchenk\u0105<\/li><li style=\"margin-bottom: 0px; box-sizing: inherit;\">Decyzja by\u0142a jedna : pora na zmiany 3 halogenowych lampek na co\u015b na miar\u0119 XXI wieku&#8230;. montujemy LEDy<\/li><\/ul>\r\n\r\n\r\n\r\n<p>Schemat o\u015bwietlenia kt\u00f3ry funkcjonowa\u0142 od 12 lat bez usterek (nie licz\u0105c raz wymiany wy\u0142\u0105cznika sznurowego oraz dw\u00f3ch okr\u0105g\u0142ych szkie\u0142ek)<\/p>\r\n\r\n\r\n\r\n<div class=\"wp-block-image\"><figure class=\"aligncenter is-resized\"><img decoding=\"async\" src=\"http:\/\/robiuri.mojapoczta.net\/wp-content\/uploads\/2020\/05\/schem-1.jpg\" alt=\"\" width=\"-71\" height=\"-44\"\/><\/figure><\/div>\r\n\r\n\r\n\r\n<p><\/p>\r\n\r\n\r\n\r\n<h5 class=\"has-text-align-center wp-block-heading\"><a rel=\"noreferrer noopener\" href=\"https:\/\/pl.aliexpress.com\/item\/32950027074.html\" target=\"_blank\">pod <strong>OKAP<\/strong>em gwiazda 24W zasilana z sieci 230V AC<\/a><\/h5>\r\n\r\n\r\n\r\n<div class=\"wp-block-image\"><figure class=\"aligncenter\"><img decoding=\"async\" src=\"http:\/\/robiuri.mojapoczta.net\/wp-content\/uploads\/2020\/05\/led-star-24W.png\" alt=\"\"\/><\/figure><\/div>\r\n\r\n\r\n\r\n<h5 class=\"has-text-align-center wp-block-heading\"><a style=\"color: #0073aa; transition: none 0s ease 0s; outline-style: initial; outline-width: 0px; box-sizing: inherit;\" rel=\"noreferrer noopener\" href=\"https:\/\/pl.aliexpress.com\/item\/32888001194.html\" target=\"_blank\">nad BLATem 50cm 12W ta\u015bma LED zasilana 12V DC<\/a><\/h5>\r\n\r\n\r\n\r\n<div class=\"wp-block-image\"><figure class=\"aligncenter\"><img decoding=\"async\" src=\"http:\/\/robiuri.mojapoczta.net\/wp-content\/uploads\/2020\/05\/led-strip.png\" alt=\"\"\/><\/figure><\/div>\r\n\r\n\r\n\r\n<h5 class=\"has-text-align-center wp-block-heading\"><a style=\"color: #0073aa; transition: none 0s ease 0s; outline-style: initial; outline-width: 0px; box-sizing: inherit;\" rel=\"noreferrer noopener\" href=\"https:\/\/pl.aliexpress.com\/item\/32888001194.html\" target=\"_blank\">nad ZLEWem 50cm 12W ta\u015bma LED zasilana 12V DC<\/a><\/h5>\r\n\r\n\r\n\r\n<p>Zalet\u0105 tego rozwi\u0105zania by\u0142 \u0142atwy monta\u017c. Gwiazda na spodzie posiada 4 ma\u0142e magnesiki wi\u0119c wykorzystuj\u0105c metalowy okap monta\u017c polega\u0142 na jej przy\u0142o\u017ceniu w odpowiednie miejsce a si\u0142a przyci\u0105gania magnes\u00f3w zrobi\u0142a reszt\u0119. <br>Co do ta\u015bm by\u0142y one elastyczne oraz posiada\u0142y pod spodem ta\u015bm\u0119 klej\u0105c\u0105 co u\u0142atwi\u0142o ich monta\u017c po oczyszczeniu miejsca pod szafkami do kt\u00f3rych by\u0142y przyklejone.<\/p>\r\n\r\n\r\n\r\n<p>Pozosta\u0142o tylko obmy\u015bli\u0107 sterowanie a poniewa\u017c nad okapem stoi sobie radio z zegarkiem sterowane pilotem wi\u0119c pomys\u0142 by\u0142a aby u\u017cy\u0107 pilota od niego do za\u0142\u0105czania odpowiedniego o\u015bwietlenia. I tak powsta\u0142 projekt oparty na klonie Arduino UNO czyli Chi\u0144ska podr\u00f3bka o nazwie RobotDyn UNO, Diody podczerwieni, modu\u0142u sterowania 5V na 4 przeka\u017aniki i&nbsp; zasilacza 12V bo paski LED nad Blatem i Zlewem&nbsp; pracuj\u0105 na 12V a Arduino mo\u017ce pracowa\u0107 na napi\u0119cie od 5V do 12V.<\/p>\r\n\r\n\r\n\r\n<div class=\"wp-block-image\"><figure class=\"aligncenter\"><img loading=\"lazy\" decoding=\"async\" width=\"640\" height=\"415\" src=\"http:\/\/robiuri.mojapoczta.net\/wp-content\/uploads\/2020\/05\/ArduinoIRLED.jpg\" alt=\"\" class=\"wp-image-38\" srcset=\"http:\/\/robiuri.mojapoczta.net\/wp-content\/uploads\/2020\/05\/ArduinoIRLED.jpg 640w, http:\/\/robiuri.mojapoczta.net\/wp-content\/uploads\/2020\/05\/ArduinoIRLED-300x195.jpg 300w\" sizes=\"auto, (max-width: 640px) 100vw, 640px\" \/><\/figure><\/div>\r\n\r\n\r\n\r\n<p class=\"has-text-align-center\"><\/p>\r\n\r\n\r\n\r\n<p class=\"has-text-align-left\">Wszystko upchn\u0105\u0142em do obudowy po zdech\u0142ym zasilaczu transformatorowym. Na dolnej cz\u0119\u015bci obudowy zapakowa\u0142em od prawej IRda potem UNO a od lewej modu\u0142 przeka\u017anik\u00f3w, a w g\u00f3rnej obudowie zasilacz 12V 3A kt\u00f3rego wtyk na 7cm kabelku po skr\u0119ceniu obudowy nale\u017ca\u0142o wcisn\u0105\u0107 w gniazdko zasilania UNO widoczne na g\u00f3rze fotki. Gniazdo MicroUSB s\u0142u\u017cy\u0142o do programowania oraz odczytu kod\u00f3w z diody IR.<\/p>\r\n\r\n\r\n\r\n<div class=\"wp-block-image\"><figure class=\"aligncenter\"><img loading=\"lazy\" decoding=\"async\" width=\"600\" height=\"903\" src=\"http:\/\/robiuri.mojapoczta.net\/wp-content\/uploads\/2022\/03\/MiniFull-1.jpg\" alt=\"\" class=\"wp-image-229\" srcset=\"http:\/\/robiuri.mojapoczta.net\/wp-content\/uploads\/2022\/03\/MiniFull-1.jpg 600w, http:\/\/robiuri.mojapoczta.net\/wp-content\/uploads\/2022\/03\/MiniFull-1-199x300.jpg 199w\" sizes=\"auto, (max-width: 600px) 100vw, 600px\" \/><\/figure><\/div>\r\n\r\n\r\n\r\n<p>W pierwszej wersji programu mia\u0142em jeszcze obs\u0142ug\u0119 wy\u015bwietlacza LCD 1602 (z p\u0142ytki Adafruit LCD Keypad Shield) kt\u00f3ry wy\u015bwietla\u0142 mi naciskane klawisze w pilocie i stan poszczeg\u00f3lnych LED\u00f3w, oraz obs\u0142ug\u0119 dodatkowego zasilacza 12V tylko do LED\u00f3w a UNO by\u0142o zasilane z osobnego 5V. Lecz ostatecznie korzysta\u0142em ju\u017c tylko z jednego zasilacza 12V do zasilania LED i UNO oraz odczytu z portu MicroUSB kt\u00f3ry wysy\u0142a\u0142 te informacje do portu szeregowego kt\u00f3ry nale\u017ca\u0142o nas\u0142uchiwa\u0107 na kablu USB. Po odczytaniu potrzebnych klawiszy z pilota od radia kt\u00f3ry chcia\u0142em wykorzysta\u0107 do sterowania <a href=\"http:\/\/robiuri.mojapoczta.net\/wp-content\/uploads\/2022\/02\/Kuchnia_IR.ino\" target=\"_blank\" rel=\"noopener\">&#8222;przerobi\u0142em&#8221; program dla UNO<\/a> i poupycha\u0142em wszystko w obudow\u0119. Potem to ju\u017c posz\u0142o \u0142atwo : doprowadzi\u0107 tylko 230V do jednego z przeka\u017anika tego steruj\u0105cego nad okapem gwiazdk\u0105 na 230V oraz 12V do pozosta\u0142ych dw\u00f3ch kt\u00f3re wychodzi\u0142y do gniazdek zasilania pask\u00f3w LED.<\/p>\r\n\r\n\r\n\r\n<h2 class=\"wp-block-heading\">AKTUALIZACJA<\/h2>\r\n\r\n\r\n\r\n<p>Po prawie dw\u00f3ch latach u\u017cytkowania tego rozwi\u0105zania, zakupi\u0142em okazyjnie za nie ca\u0142e 80z\u0142 na Alliexpresie <a href=\"https:\/\/pl.aliexpress.com\/item\/4000092798540.html\" target=\"_blank\" rel=\"noopener\">SONOFF TX\/T2 EU\/3 Gang Led prze\u0142\u0105cznik \u015bwiat\u0142a do monta\u017cu \u015bciennego dotykowy\/ Wifi\/ 433Mhz RF<\/a> kt\u00f3ry po zrobieniu otworu na puszk\u0119 na drodze przewod\u00f3w pomi\u0119dzy puszk\u0105 a gniazdkiem w \u015bcianie wkomponowa\u0142 si\u0119 pi\u0119knie w otoczenie a swoj\u0105 funkcjonalno\u015bci\u0105 przebi\u0142 wielokrotnie swojego poprzednika. Sterowanie na dotyk, dodatkowo zaprogramowa\u0142em te\u017c pilota RF433MHz a dok\u0142adnie jego trzy z czterech klawiszy, ustawione jest \u017ce po 30 minutach samoczynnie si\u0119 wy\u0142\u0105cza (taki ECO Wygaszacz), no i sterowanie po WiFi z Aplikacji na Telefonie (spytacie po co, a cho\u0107by symulator obecno\u015bci podczas rodzinnego urlopu :). Bonusem mo\u017ce by\u0107 mo\u017cliwo\u015b\u0107 przeprogramowania tego prze\u0142\u0105cznika na sterowanie z SUPLi, i pewnie bym ju\u017c to dawno temu zrobi\u0142, ale brakuje mi tego ECO wygaszacza w ich oprogramowaniu.<\/p>\r\n<p>PS.<br>Z czasem poznaj\u0119 coraz wi\u0119cej mo\u017cliwo\u015bci SUPLi i wiem \u017ce mo\u017cna ustawi\u0107 wy\u0142\u0105cznik na schodowy i wtedy zapoda\u0107 mu po ilu sekundach ma zgasn\u0105\u0107. Wi\u0119c zostaje mi tylko go wymontowa\u0107 z \u015bciany i podpi\u0105\u0107 do programatora kt\u00f3rym zaprogramowa\u0107&#8230;.<\/p>\r\n\r\n\r\n\r\n<div class=\"wp-block-image\"><figure class=\"aligncenter\"><img loading=\"lazy\" decoding=\"async\" width=\"640\" height=\"640\" src=\"http:\/\/robiuri.mojapoczta.net\/wp-content\/uploads\/2022\/03\/ALi.jpg\" alt=\"\" class=\"wp-image-236\" srcset=\"http:\/\/robiuri.mojapoczta.net\/wp-content\/uploads\/2022\/03\/ALi.jpg 640w, http:\/\/robiuri.mojapoczta.net\/wp-content\/uploads\/2022\/03\/ALi-300x300.jpg 300w, http:\/\/robiuri.mojapoczta.net\/wp-content\/uploads\/2022\/03\/ALi-150x150.jpg 150w\" sizes=\"auto, (max-width: 640px) 100vw, 640px\" \/><\/figure><\/div>\r\n","protected":false},"excerpt":{"rendered":"<p>A zacz\u0119\u0142o si\u0119 niewinnie od malowania kuchni&#8230; Pewnego dnia \u017conie znudzi\u0142y si\u0119 abstrakcyjne plamy na \u015bcianach w naszej kuchni i kolor by\u0142 ju\u017c nie taki jak dwa dni po jej pomalowaniu a min\u0119\u0142o dopiero 4 lata odk\u0105d ten czas nast\u0105pi\u0142. Wi\u0119c nale\u017cy kuchni\u0119 od\u015bwie\u017cy\u0107 i pomalowa\u0107 na nowe barwy i odcienie (dobrze \u017ce sufity nadal\u2026 <span class=\"read-more\"><a href=\"http:\/\/robiuri.mojapoczta.net\/?page_id=2\">Czytaj dalej &raquo;<\/a><\/span><\/p>\n","protected":false},"author":1,"featured_media":0,"parent":0,"menu_order":0,"comment_status":"closed","ping_status":"closed","template":"","meta":{"footnotes":""},"class_list":["post-2","page","type-page","status-publish","hentry"],"_links":{"self":[{"href":"http:\/\/robiuri.mojapoczta.net\/index.php?rest_route=\/wp\/v2\/pages\/2","targetHints":{"allow":["GET"]}}],"collection":[{"href":"http:\/\/robiuri.mojapoczta.net\/index.php?rest_route=\/wp\/v2\/pages"}],"about":[{"href":"http:\/\/robiuri.mojapoczta.net\/index.php?rest_route=\/wp\/v2\/types\/page"}],"author":[{"embeddable":true,"href":"http:\/\/robiuri.mojapoczta.net\/index.php?rest_route=\/wp\/v2\/users\/1"}],"replies":[{"embeddable":true,"href":"http:\/\/robiuri.mojapoczta.net\/index.php?rest_route=%2Fwp%2Fv2%2Fcomments&post=2"}],"version-history":[{"count":34,"href":"http:\/\/robiuri.mojapoczta.net\/index.php?rest_route=\/wp\/v2\/pages\/2\/revisions"}],"predecessor-version":[{"id":314,"href":"http:\/\/robiuri.mojapoczta.net\/index.php?rest_route=\/wp\/v2\/pages\/2\/revisions\/314"}],"wp:attachment":[{"href":"http:\/\/robiuri.mojapoczta.net\/index.php?rest_route=%2Fwp%2Fv2%2Fmedia&parent=2"}],"curies":[{"name":"wp","href":"https:\/\/api.w.org\/{rel}","templated":true}]}}