{"id":17,"date":"2020-05-23T00:18:50","date_gmt":"2020-05-22T22:18:50","guid":{"rendered":"http:\/\/robiuri.mojapoczta.net\/?page_id=17"},"modified":"2023-10-18T19:31:48","modified_gmt":"2023-10-18T17:31:48","slug":"projekty-zwiazane-z-arduino-i-esp-8266","status":"publish","type":"page","link":"http:\/\/robiuri.mojapoczta.net\/?page_id=17","title":{"rendered":"ESP8266 &#038; 32"},"content":{"rendered":"<p><center><br \/>\n<div class=\"wp-alex-play-button\" data-json=\"{&quot;file&quot;:&quot;\\\/Mp3.Mp3\\\/\\\/TheHumanRace.mp3&quot;,&quot;id&quot;:&quot;my-play-button&quot;,&quot;size&quot;:&quot;48 64&quot;,&quot;color&quot;:&quot;#0000cd #00bfff 900&quot;}\"><\/div><br \/>\n<div class=\"wp-alex-circular-spectrum\" data-json=\"{&quot;owner&quot;:&quot;#my-play-button&quot;,&quot;size&quot;:&quot;50 250&quot;,&quot;bars&quot;:&quot;100 0.8 #0a0aa0 0.1 5.0&quot;,&quot;peaks&quot;:&quot;#00ced1 0.04&quot;}\"><\/div><br \/>\n<\/center><\/p>\n\r\n\r\n\r\n<figure class=\"wp-block-image\"><img decoding=\"async\" src=\"http:\/\/robiuri.mojapoczta.net\/wp-content\/uploads\/2020\/05\/arduino.png\" alt=\"\"\/><\/figure>\r\n\r\n\r\n\r\n<h1 class=\"has-text-align-center wp-block-heading\">ESP-01S (ESP8266)<br><img decoding=\"async\" src=\"data:image\/jpeg;base64,\/9j\/4AAQSkZJRgABAQAAAQABAAD\/2wCEAAoHCBUWFRgSERUVGBEaGBUVGBgaFRwcGBIWGRgaGRkeHBkcIS4lHCEtIRgWJzgoKzAxNTU1HCU7Tjs1Py40ODEBDAwMEA8QHhISHzQrJCs0NDQ0NDY0NDQxMTQ0NDQ0NDQ0NDY0NDQ0NDQ0NDQ0NDQ0NDQ0NDQ0NDQ0NDQ0NDQ0NP\/AABEIAOEA4QMBIgACEQEDEQH\/xAAbAAEAAgMBAQAAAAAAAAAAAAAABAUCAwYBB\/\/EADsQAAIBAgQDBgQGAgECBwAAAAECAAMRBBIhMQVBUQYTIjJhcUKBobEjUpHB0fAUYuFy8QcVM0OistP\/xAAXAQEBAQEAAAAAAAAAAAAAAAAAAQID\/8QAIhEBAQEBAAIBBQADAAAAAAAAAAERAiExQVFhcbHhAxIy\/9oADAMBAAIRAxEAPwD7NERAREQEREBERAREQEREBERAREQEREBERAREQEREBERAREQEREBERAREQEREBERAREQEREBERATwmeFpperaBtLTzPK+rigJHONHWBchpkDKqliwecmU614EqJiDMoCIiAiIgIiICIiAiIgIiICIiAiIgIiICImDNAyJmtnmqpWtK\/E4u0CVWxNpWYnG+sgYvH+s5DjnalKZKA56mvhB0B\/2PL23k1cdHjuKqgLuwVRuSbATnMP2zovUNO7KNldtFY\/dfnOA4hxKrXa9RidfCg8q+y9frJeF4OAO8xLZE\/LezH36e2\/tM9dzn2s5t9Pq+H4h6y5wuO9Z8rwuIakoekxfD2vkLeJVHNGO4\/1P6zpeFcYR1D02uPqD0I5GOe50dc2e30ShiLyWrzksHj\/WXWGxd5tlbgz2R6dW83AwMoiICIiAiIgIiICIiAiIgIieXgezwmYlpGq17QNz1LSJXxVpDxOMtzlNjOIb6wJ+Kx3rOe4rxpKal3cKv1PoBzMocf2jLlkwwDkeaoxtTpjqW5\/L6yr4jwTvEao1R3rruzEKpJF1VEAuqkbEkHnYTNq4r+N9qalW6UrpT638bD3+Ee0qMDw96p8IsvNjsP5Ml8JwVJmHesc92shFg2U20bZteQ6GbON4qoh7sLkp7Ll+MehG3tOd6u5Pbc58bW6l3dE93RXvcRzP5etzso\/pM9rIifiYt877qg8q+w5\/PSaeC49AndHwObjOLeInYknn76TYyU6LZnLVcQToLXN\/bl95ysu5f7XSZmxmUqVxmqHusPvbYsPXoPf6zdgqdM3bCMyOmmezZW9GB0YTTVos47zFvkpjUUwfv6\/X2mK1alUZKC93QGme1rj\/AFH995PPxc\/S+Pn+ui4Vx8F+6qELWBtYG6v\/ANJ+ex1nW4PH+s+ZUMNhie5UF33LgEkHrmGg+0m4fjD4ZxTrtnpnyuPOo\/3HP339+Xfn\/JLccuuMmvreFxt+ctaNe84Dh\/EgwDKwKnYg6GdBg8d6zq5uoV5neVmHxV5NSpeBvieAz2AiIgIiICIiAieEzBmgZEzU9S001a9pWYnG25wJlfFWlTisd6yux3EgASSABqSTYD5zjOI9oKlQlMIpt4vxSpy+EgNkFvERmH6jTnJauL\/jPH0p+ckufKi6u3sP3MoMdh67lXxgyYZ\/IgcBWb4RVcbA+n0sTIXCMMgql3U1airnd3a6dWDMB+HoAFc5hdrGxtKXHcbq1giVD+CjZlTYWJvYkeLbTfba0zu+l9Ot4jgguejhsy06GHVqrlMpLbnLfzC1rsBqT6iV\/D8dkCVGAY5SERgQUFiFYFhlscxITUXHw7ygp451Tu2Oagw8gc2QE3styba65TcfPWXFTGJVRSrGnkpWXISL1MxFwLkq9ioAvsNC1riWEq1xGE75MjkGgGLghvxGdQAwzMMtAAm2RQznKLkLrKTHMaJNHFDPROiudWHOzgcx1Gv7b8EatEqgVrFAGOVcrAgqFcAgPuLC+YEaNqQbSviSERG0NN2dQbl\/EMpV2zaoRfwmzEMVJ3Jz1J8rzb8OP4hwgqO8pHPT301Kj5bj1mrg+OWkxLrcH4reJP8AiWLJUok1KRD0iSzply5L72UXyjoRew32mFbB0647ygQtTdkOn6jl7jSS3xl9fVvPOz39G\/FU6N++quXQi6KdvkBuP6YK1Kou34WHHLZmH7D+6yhpFqVQF0GZTcqw35f9jL+o9PEqHLuqpq63AA9\/5mLzmftZ1rSuL\/8AawaDld7adLknf3M97ujR8Vdu8qncWzW9gfuZFxPFlUd3hlyqPi6+1\/uZTsxJubknUnrN88W\/b9p11J9\/06vClk\/Fwbgpu1Inwn2\/Kf76TpOC8eSpoLq48yN5l\/kT5thcU6NmQ2P0I6Ec5fYbFJXINzTxA2YcyP8A7D0Mu9ce\/MTJ169vquCx3rL3C4q8+TcK7QFHFHFkK+lnHlcHa\/5f7tPoXDqt7G+n3nWWVzsx1VN7zcJAwzScsqMoiICInhMD2YlpgzyLWxFoEh6tpAxGLtIWJxso+IcUVQWdgFHMnSBZYvH+s5XjHaFUbIt3rMbLTTViTtfp9\/Sc3xntOzv3dJslMkBqpBJAJsSANQBrtc+09SgMOoqU8pd2dRUYh3NgDmBF1VXDki17gG7HlnrrGpGHEncha2KHeIWt3aOFo07anO9\/G2h200Pi5SdW4yKaN3ts5TulpoEBNIgi6ggjD+9iD5gspMfVq5Q6tlKEvYDbqyDyqf6CJExOC8IqU2LoRcPYgVGPmvfZ73uOv6yTyXwgqgJ3Nj1N7enrMmpEEDqRr7zKig2t4xyN9fab1OltPb+JbUbRRQAgKDuCTrt4tDy23Ei1UKHOjEG5HysDY9Rrz6TbWqsBpY\/ew5Ecx6SFUqFvMb7\/AFiSi4w3HCWQOxp2UIHHiNhmOW7eRTm1IuxGha201MSpbKSM9s1r7g7Ef32uNZyua+lrySrMqmncOilspy6Jc6lCRcXsLjbnvrM98Tpeery6Y2HiuFUbuTYD+faV1fC02qfh1BQreZS4yJUAHiPPId7X0Njsd4buKyZXqMKqgZFYFkqa7KwPgOo3BBtuJhiMC9BkqYsB8zHMneXc23zEX5+pvbXeZ54z3Wuut9N1fHJUpXrIQ1iEdVNnYb2blbmNZRgfrOq4dj0xBGEdSwdkRCTlVb2VTZTZDexsugLG3SbMDTGBJrMKbqWeklUqWbDuMxDIhIFQEWuV1G3o25JPEZtt9qLF8DxNJFq1aTrTbUEjy30GYbpf1tK+0+t4E0qwR2CPUOYqwLE1lPmBe\/4i2FzTGUDYqAtpznajsiisHwhF2JvSJGjbgIx662U66W6CJ3Nw\/wBfGuHEyBsbrcHf1HzhkIJUghgbEEWII3BB2M6DgXZapXILgrT0NvjcegOw9TNVFThMNUrPZAzudybn5sZ9c7EcIqUUy1HZl3APlUm3kvrbeTeB9nKdIAKoFuX8nmZ1GHw1pMNbcMkmLMEWbBNI9iIgJgxmc1VIEPE1bSkxuLtJPG8alFGqVWyou5\/YAbmfOMZxWpiVNQFqODD5GdRmqMBq2i+XQj9Rq17CWqncb7TJSOW5Z\/yryP8As2wlHicG9SmMXiXV6br4VV8q0gzKCdiGZb2Kkg35m00Y9aVOglJEV8UxDpZc7KufN4wwDZ7WW1srC5yrpfzi\/BXSmMRXzuWAqMgcAFyBfQDwgAm9uQsLcpoYakcU7U1QVMrAd8iBCwVbBFBBK31Opt4dFEi4\/h9OjSaxqCsGOzXXODoGA0tY+\/2lx2CxYesqVGAV\/AlNVyrTOYbDqepuTzMjdrcal702XOCBlsCrgEqLj1WwI9JMNTMKtFsMvd3eq5yFibNRbQlBT8zsQeQ212uRhxCrlC53BDK6FSoLMWIJdGLd0tXwKpIBBF\/GW1FFieCvlSvTRkLAMoDXAa1zkbQ3BG2+m8k8K4jTqFaWNC6EZXYWB11zHTKdPNfKeY+KJPoqFicKpVainQ2DaEGnUIJ7s5tXcAXJAtr+kWsXU2bU2Fj8vvyt951OPw1Pxurin8VNwoZ6dBzbK7A5WU5TZr6a5WfYUtV6blKdlR2zkkm1DIvkCtuSRfMzAWNhbnCKlXPInXeYd3cXJ8PyudbH225y0SlS1po5fEhmXKq5qTJkLZkcWIZWHS3qReQKgIvfcnW9736+s0hSQ20Gmlx+bkCbb\/8AM25ea3FxyP2\/SR0cj26df7rN6kG5FtNRy+23v6SVRgmuw20sbn6byTQxyvkp4oZ6VO4TSzLfkXUZmS+tryNkzdM1uX095obe2+sosq3DanfO2DQNSsbFDmplCAWU599xdWuRJfA8YrsC7XxdyqswByJoAKCZciHqAM35ddonCa7o4UAOHOQo3lfN4fkdfMLETPjPD8NSpgLnNYm4OcFABYFbAa211vfrMqtcNgMRTLVB3S02dQylrUKzg3XoaTggANoVNvLrJWIxgquUZarVrFKlErlZGHw1KgsuS+uZfE1\/hOpx7PU8ZWphalwgIZXYMajaWDZScjNZVAdwWFtORHb8G7PJTWwX1N9S7cyx3Y+8Zpqg4V2barU\/yMTlet4dclkTLoAq7sQB5mJ9zO5wPDlUWA\/5k3DYUDlJyU7TUjLVSoWkkLPQJlKPLT2IgIiICa3E2TwiBR8b4f3qFdL8ri4PoR0nyzG8IqYZ37hmplsoYAmyjN5gADcDU6eIcp9pqU7yk4tw5HWzD2PNT6TN5+Ysr5Xn\/wAWulNUsjm7Yrwk1kY3PdsLhVvvqWtvadb20xKJhjmKkVKTIgFtWvuCNx5OnS+srcfhe6ZqbBHRvE6NotQG4DAjVHuPMOmt5znaHDk0gaIqNTpgBwz3ahck2dANrnRwcpt6zMvnKtip7PcKrVXL0MwNPK1xbe5I30+En5SvxyMarBrglze5BOpuTcADW99uc+m9g8KiYOpUBAbK7Ow30X1G2tvnOC4vhClVi6OWqDOgJIIVm8DW53AsL9Sek1vlHW\/+TuMJSzOSlmdBbynNY676km3QynbDJiwwpoxrJYLUUACoo0Odb62OzDe4uJB42+NpUqdKs792Myquoy3OYgkgX+o\/XWx7E4dyKtRHChabsy2DZkNgQBfTW2vWTPkVmA4i9G9LEKXoWtbwkou4yFjZgfy7anUHWWnFa+DRECBHplDnRXDNUc7MpveiVJOra2FsrC5lPj6yo7UKg72kCygg+JLEi6N9bag\/aDj8CaTjL40v4SV32Nip99oV1XDsFSp0q+Iw12p5EUGsF7y7PbNTQWut2TffL01lNVwP4H+RUdcpcquoZjYkG5G5uD+k8HEa2KK4dnVKd2c2GrWGu2rWF7LsLmTuNmh+BhMOod08LMrMVZmt5zsMvjuR1N7WEDnqlMg8uRuNjf1mIYj3nUcXwLviVw1LD5FUKrJfY5c3m5WXX589pTYnAFHNNrFh6jT3+UsrKIzlvQfebVpBQGbRTfXmbdJtpKS4p0UapXOyqL2635fM6CdJwbswCwqV8tapvbzUaf8A+x\/+GvxRuClwuAxDotfCBku+RNStRrAHOjWAKi+pU6GdZ2e7HgMKlY56nUjwU\/RQdzcnX7TrMBwnm5JJte\/MDYacugGg6CX+GwoHKM1ULAcNCjTfqZb0aFpup0rTaBNIxVJnaexAREQEREBERAREQPCJExCSZNVRYHyvt4CldGU2OTf2Zv5lJh+IK5AvkrAWV1tqNyNdCptqhuD9vp3HeGJWQpUW41sfiQ9VPKfOMb2VZM9TvAVQMwGQ3I9dbDeTqS+1lryk9enn\/wAFhSrOrK9EAZMQLEk0cwNm3JQ6jXKSJR8EL4nGUkrOWbvQzMR4rL4iCT6rYA7SdT4gtslbVTYZultr8+mo1Em4miCwqlwlYWK4jcN0FYruNrVB6X01mf8An2vtbf8AiZhFNIM186lMnIEGwYfK4\/U\/LhOBYjEqlUUMuR0KPmy6qTchM3PwyT2v4nXeoFxAcMqIpDAAEgbrlJDA6+LnedD2MwlQYKqe7uXeyEjyg5VLa8gftL8I4XBUnquFA1uLtbboOnIz6D2v4fU7ilbIXRKeYWv3iEWu3Q3Gw\/acDVd6VV1BKkObi+hIY2vOzxnGjiaQal+GO7RMTWqABKbK17Kb3Ynw6DX9YpHIDh\/eAthrswuXo\/GnUp+dfbUdJt4DxdcMS5pI73BswupA1CsN7X1sN\/0tY0izh14aruyAM9Qgd\/VBvfIN1XQmw1sNekwGFwtEAVj3yvkYsjAPT0zWC5rgG4BJykab+IR+Rddm8G9St\/lYquqA5iSXyihm1JttyHpa9+VuTr0HqVnSgWquXYlwDY3Op1F7ep0llwjglfEBQzMmHuCAW3HKy\/uRPo3BOzSU1yhAF5\/mf\/qY\/aSLVVwDgLhMjKik2D5FyrUsNC9vP7aLztedngOGKg0GumvMybhsIByljTpWlnOJrRRw9pLVZkFmU0jwCexEBERAREQEREBERAREQExYTKeGBXYpJzteiC7qwBUixBFwQQJ1NdJQYlLVT7AzN9LHz7H9mXdvwLW3IY2y+x5iQbPhmNCpY5bZgNhcA+EkDkfnPoRo5Tec\/wBp+Dh3Lpo5VSddGIFvlsI3blPupwlOpTFNl7zD30VdHot1pE+U9UOh5W57H4i9HCvh1V6qP4KNWmPiLhijo3iR78t\/flW0+G4mheq6FEJyG9rMd7WvfrJIc1A\/c1HpVWWzlWILL628wHI7i8lmfhfaq4qtIVXxGLX8R2zDC031U2H\/AKtQeQaeUeL2m5MC1c06mJqIuECNUyUmRUw66WAS5N9VDNYkX1PSGEoIndYqk6VFDsHVta7G+S3gOg8IsWA3O5nnBeD1q1xZlonKWGbKGt5TbY2629o2ZqYyxeLzvRp4RTmpXyMnl3uGIKjx75m8p5CdPwHsuzEVKxzuTmctr4ul+fKXXA+BUkANNV6kgXv8zc2nYYPCjpLmnpC4fwpU2A\/SXVDD2m+nStN4E0jBUmwCexAREQEREBERAREQEREBERAREQEREDWyyBisGGYMb3H1HrLK0xZYHO8QpZVv6iV+MoX19P5nT4rCh1Knn9JAfCWFt\/3mc86vwoONYEVcO6sSMrBgR1uB8xqZ87xHD6qVFAR2N9Cqk35aET6qyXR19f3Eh0Uy6dSJmXJVs2uVThb5FbEopY+JVy3awtYldlbXb7S7wnDiU8YAA2QWy2\/3PxnXbb33k\/EqXfUCygKLdP5kygmhHsJMzKazwFHaXuGSQcNStLOkJ1ZbQJ7EQEREBERAREQEREBERAREQEREBERAREQEREDEiaXpyRPCIFM+EsWI2JvboecrsZSsV9\/4nSukr8fgi4BW2YG\/uOf7TPU8eGpfKvp4e+slUMJZr8v3kyjhrACSEpy54iaxp05vUT0LPRKj2IiAiIgIiICIiAiIgIiICIiAiIgIiICIiAiIgIiIHhE8KzKIGAWZAT2ICIiAiIgIiICIiAiIgIiICIiAiIgIiICIiAiIgIiICIiAiIgIiICIiAiIgIiICIiAiIgIiICIiAiIgIiICIiAiIgIiICIiAiIgIiICIiAiIgIiICIiAiIgIiICIiAiIgIiIH\/2Q==\" alt=\"ESP8266 modu\u0142 WiFi ESP-01S raster 2.54 - www.ledats.pl\"><\/h1>\r\n\r\n\r\n\r\n<p>M\u00f3j ulubiony modu\u0142 ESP-01S z rodziny procesor\u00f3w ESP 8266. Ma tylko 8 Pin\u00f3w (2&#215;4) ale potrafi du\u017co i ca\u0142kowicie wystarcza przy prostych projektach takich jak odczyt temperatury , wilgotno\u015bci czy sterowanie przeka\u017anikiem lub dwoma a nawet magicznymi diodami LED WS2812B.<\/p>\r\n\r\n\r\n\r\n<p>Od stycznia 2022 uda\u0142o mi si\u0119 dzi\u0119ki<a rel=\"noopener\" href=\"https:\/\/www.supla.org\/pl\/\" target=\"_blank\"> SUPLA<\/a> zainstalowa\u0107 na nim fajny <a rel=\"noopener\" href=\"https:\/\/gui-generic-builder.supla.io\/\" target=\"_blank\">wsad<\/a> z warunkami kt\u00f3ry steruje wentylatorem w \u0142azience w zale\u017cno\u015bci od odczytanej wilgotno\u015bci, dzia\u0142a niezale\u017cnie od po\u0142\u0105cze\u0144 z serwerem i wymusza za\u0142\u0105czenie wentylatora 120x120mm (taki z zasilacza komputerowego na 12V) przy wilgotno\u015bci powy\u017cej 70%. W <a rel=\"noopener\" href=\"https:\/\/cloud.supla.org\/devices\" target=\"_blank\">aplikacji<\/a> w telefonie mog\u0119 go r\u0119cznie za\u0142\u0105czy\u0107 oraz odczyta\u0107 temperatur\u0119 i wilgotno\u015b\u0107 (wraz z statystykami nawet do p\u00f3\u0142 roku wstecz) dzi\u0119ki czujnikowi DHT-11<\/p>\r\n<br>\r\nA tu taki filmik dla tych co maj\u0105 du\u017co puszek i chc\u0105 ekologiczny dach zmajtrowa\u0107 \ud83d\ude00<br>\r\n<iframe loading=\"lazy\" src=\"https:\/\/www.facebook.com\/plugins\/video.php?height=476&#038;href=https%3A%2F%2Fwww.facebook.com%2Fcraftypanda%2Fvideos%2F855012926206039%2F&#038;show_text=false&#038;width=476&#038;t=0\" width=\"100%\" height=\"476\" style=\"border:none;overflow:hidden\" scrolling=\"no\" frameborder=\"0\" allowfullscreen=\"true\" allow=\"autoplay; clipboard-write; encrypted-media; picture-in-picture; web-share\" allowFullScreen=\"true\"><\/iframe>\r\n<br>\r\n","protected":false},"excerpt":{"rendered":"<p>ESP-01S (ESP8266) M\u00f3j ulubiony modu\u0142 ESP-01S z rodziny procesor\u00f3w ESP 8266. Ma tylko 8 Pin\u00f3w (2&#215;4) ale potrafi du\u017co i ca\u0142kowicie wystarcza przy prostych projektach takich jak odczyt temperatury , wilgotno\u015bci czy sterowanie przeka\u017anikiem lub dwoma a nawet magicznymi diodami LED WS2812B. Od stycznia 2022 uda\u0142o mi si\u0119 dzi\u0119ki SUPLA zainstalowa\u0107 na nim fajny wsad\u2026 <span class=\"read-more\"><a href=\"http:\/\/robiuri.mojapoczta.net\/?page_id=17\">Czytaj dalej &raquo;<\/a><\/span><\/p>\n","protected":false},"author":1,"featured_media":0,"parent":0,"menu_order":0,"comment_status":"closed","ping_status":"closed","template":"","meta":{"footnotes":""},"class_list":["post-17","page","type-page","status-publish","hentry"],"_links":{"self":[{"href":"http:\/\/robiuri.mojapoczta.net\/index.php?rest_route=\/wp\/v2\/pages\/17","targetHints":{"allow":["GET"]}}],"collection":[{"href":"http:\/\/robiuri.mojapoczta.net\/index.php?rest_route=\/wp\/v2\/pages"}],"about":[{"href":"http:\/\/robiuri.mojapoczta.net\/index.php?rest_route=\/wp\/v2\/types\/page"}],"author":[{"embeddable":true,"href":"http:\/\/robiuri.mojapoczta.net\/index.php?rest_route=\/wp\/v2\/users\/1"}],"replies":[{"embeddable":true,"href":"http:\/\/robiuri.mojapoczta.net\/index.php?rest_route=%2Fwp%2Fv2%2Fcomments&post=17"}],"version-history":[{"count":32,"href":"http:\/\/robiuri.mojapoczta.net\/index.php?rest_route=\/wp\/v2\/pages\/17\/revisions"}],"predecessor-version":[{"id":355,"href":"http:\/\/robiuri.mojapoczta.net\/index.php?rest_route=\/wp\/v2\/pages\/17\/revisions\/355"}],"wp:attachment":[{"href":"http:\/\/robiuri.mojapoczta.net\/index.php?rest_route=%2Fwp%2Fv2%2Fmedia&parent=17"}],"curies":[{"name":"wp","href":"https:\/\/api.w.org\/{rel}","templated":true}]}}